{"id":2415,"date":"2019-05-17T15:38:00","date_gmt":"2019-05-17T13:38:00","guid":{"rendered":"https:\/\/mademoisellel.ch\/produit\/viii-j-i\/"},"modified":"2024-04-14T12:04:44","modified_gmt":"2024-04-14T10:04:44","slug":"viii-j-i","status":"publish","type":"product","link":"https:\/\/mademoisellel.ch\/en\/produit\/viii-j-i\/","title":{"rendered":"VIII &#8211; J I"},"content":{"rendered":"","protected":false},"excerpt":{"rendered":"<p>Jupe longue, fronces \u00e0 la taille. Zip invisible milieu dos, ceinture large et 2 boutons pression. Poches dans la couture sur les c\u00f4t\u00e9s. Tissu stretch<br \/>\nLe mod\u00e8le porte une taille 36<\/p>\n<p>Couleur noir et beige dor\u00e9<\/p>\n<p>D\u00e9tails :<br \/>\n42%PA 27%CO 26%PES 5%EL<br \/>\nLavage \u00e0 30\u00b0<br \/>\nTextile : Suisse<br \/>\nFabriqu\u00e9 en Roumanie<br \/>\nCr\u00e9\u00e9 en Suisse par mademoiselle L<\/p>\n","protected":false},"featured_media":1068,"template":"","meta":{"_acf_changed":false,"_et_pb_use_builder":"","_et_pb_old_content":"","_et_gb_content_width":""},"product_brand":[],"product_cat":[134,138,146],"product_tag":[],"class_list":{"0":"post-2415","1":"product","2":"type-product","3":"status-publish","4":"has-post-thumbnail","6":"product_cat-a-cross-l-part-viii-en","7":"product_cat-clothes","8":"product_cat-skirt","10":"first","11":"outofstock","12":"shipping-taxable","13":"product-type-variable"},"supplier_id":null,"supplier_sku":"","barcode":null,"atum_controlled":true,"out_stock_date":null,"out_stock_threshold":null,"inheritable":false,"inbound_stock":null,"stock_on_hold":0,"sold_today":0,"sales_last_days":0,"reserved_stock":null,"customer_returns":null,"warehouse_damage":null,"lost_in_post":null,"other_logs":null,"out_stock_days":0,"lost_sales":0,"has_location":null,"update_date":"2026-04-23T00:31:05","atum_locations":[],"atum_stock_status":"outofstock","restock_status":false,"low_stock_amount":"","sales_update_date":"2026-04-23T00:31:05","calc_backorders":null,"acf":[],"aioseo_notices":[],"jetpack_sharing_enabled":true,"_links":{"self":[{"href":"https:\/\/mademoisellel.ch\/en\/wp-json\/wp\/v2\/product\/2415","targetHints":{"allow":["GET"]}}],"collection":[{"href":"https:\/\/mademoisellel.ch\/en\/wp-json\/wp\/v2\/product"}],"about":[{"href":"https:\/\/mademoisellel.ch\/en\/wp-json\/wp\/v2\/types\/product"}],"wp:featuredmedia":[{"embeddable":true,"href":"https:\/\/mademoisellel.ch\/en\/wp-json\/wp\/v2\/media\/1068"}],"wp:attachment":[{"href":"https:\/\/mademoisellel.ch\/en\/wp-json\/wp\/v2\/media?parent=2415"}],"wp:term":[{"taxonomy":"product_brand","embeddable":true,"href":"https:\/\/mademoisellel.ch\/en\/wp-json\/wp\/v2\/product_brand?post=2415"},{"taxonomy":"product_cat","embeddable":true,"href":"https:\/\/mademoisellel.ch\/en\/wp-json\/wp\/v2\/product_cat?post=2415"},{"taxonomy":"product_tag","embeddable":true,"href":"https:\/\/mademoisellel.ch\/en\/wp-json\/wp\/v2\/product_tag?post=2415"}],"curies":[{"name":"wp","href":"https:\/\/api.w.org\/{rel}","templated":true}]}}