{"id":2410,"date":"2019-05-17T15:55:44","date_gmt":"2019-05-17T13:55:44","guid":{"rendered":"https:\/\/mademoisellel.ch\/produit\/viii-v-i\/"},"modified":"2025-02-08T13:29:25","modified_gmt":"2025-02-08T12:29:25","slug":"viii-v-i","status":"publish","type":"product","link":"https:\/\/mademoisellel.ch\/en\/produit\/viii-v-i\/","title":{"rendered":"VIII &#8211; V I"},"content":{"rendered":"","protected":false},"excerpt":{"rendered":"<p>Veste gilet, avec double crois\u00e9 2 boutons pression. Col ch\u00e2le. Poches appliqu\u00e9es. Bande noire sur les \u00e9paules.<br \/>\nLe mod\u00e8le porte une taille 36<\/p>\n<p>Couleur noir et beige dor\u00e9<\/p>\n<p>D\u00e9tails :<br \/>\n42%PA 27%CO 26%PES 5%EL<br \/>\nLavage \u00e0 30\u00b0<br \/>\nTextile : Suisse<br \/>\nFabriqu\u00e9 en Roumanie<br \/>\nCr\u00e9\u00e9 en Suisse par mademoiselle L<\/p>\n","protected":false},"featured_media":1079,"template":"","meta":{"_acf_changed":false,"_et_pb_use_builder":"","_et_pb_old_content":"","_et_gb_content_width":""},"product_brand":[],"product_cat":[134,138,153],"product_tag":[],"class_list":{"0":"post-2410","1":"product","2":"type-product","3":"status-publish","4":"has-post-thumbnail","6":"product_cat-a-cross-l-part-viii-en","7":"product_cat-clothes","8":"product_cat-top-en","10":"first","11":"instock","12":"sale","13":"shipping-taxable","14":"purchasable","15":"product-type-variable"},"supplier_id":null,"supplier_sku":"","barcode":null,"atum_controlled":true,"out_stock_date":null,"out_stock_threshold":null,"inheritable":false,"inbound_stock":null,"stock_on_hold":0,"sold_today":0,"sales_last_days":0,"reserved_stock":null,"customer_returns":null,"warehouse_damage":null,"lost_in_post":null,"other_logs":null,"out_stock_days":0,"lost_sales":0,"has_location":null,"update_date":"2026-04-29T00:53:33","atum_locations":[],"atum_stock_status":"instock","restock_status":false,"low_stock_amount":"","sales_update_date":"2026-04-29T00:53:33","calc_backorders":null,"acf":[],"aioseo_notices":[],"jetpack_sharing_enabled":true,"_links":{"self":[{"href":"https:\/\/mademoisellel.ch\/en\/wp-json\/wp\/v2\/product\/2410","targetHints":{"allow":["GET"]}}],"collection":[{"href":"https:\/\/mademoisellel.ch\/en\/wp-json\/wp\/v2\/product"}],"about":[{"href":"https:\/\/mademoisellel.ch\/en\/wp-json\/wp\/v2\/types\/product"}],"wp:featuredmedia":[{"embeddable":true,"href":"https:\/\/mademoisellel.ch\/en\/wp-json\/wp\/v2\/media\/1079"}],"wp:attachment":[{"href":"https:\/\/mademoisellel.ch\/en\/wp-json\/wp\/v2\/media?parent=2410"}],"wp:term":[{"taxonomy":"product_brand","embeddable":true,"href":"https:\/\/mademoisellel.ch\/en\/wp-json\/wp\/v2\/product_brand?post=2410"},{"taxonomy":"product_cat","embeddable":true,"href":"https:\/\/mademoisellel.ch\/en\/wp-json\/wp\/v2\/product_cat?post=2410"},{"taxonomy":"product_tag","embeddable":true,"href":"https:\/\/mademoisellel.ch\/en\/wp-json\/wp\/v2\/product_tag?post=2410"}],"curies":[{"name":"wp","href":"https:\/\/api.w.org\/{rel}","templated":true}]}}