{"id":2399,"date":"2019-05-17T16:15:04","date_gmt":"2019-05-17T14:15:04","guid":{"rendered":"https:\/\/mademoisellel.ch\/produit\/viii-v-iii-black\/"},"modified":"2023-03-18T13:53:27","modified_gmt":"2023-03-18T12:53:27","slug":"viii-v-iii-black","status":"publish","type":"product","link":"https:\/\/mademoisellel.ch\/en\/produit\/viii-v-iii-black\/","title":{"rendered":"VIII &#8211; V III BLACK"},"content":{"rendered":"","protected":false},"excerpt":{"rendered":"<p>Veste courte. Manche 3\/4. Double crois\u00e9, ceinture avec 2 boutons. Col Ch\u00e2le. Tissu tr\u00e8s doux et fluide, imitation cuir \u00e9tonnante.<br \/>\nLe mod\u00e8le porte une taille 36<\/p>\n<p>Couleur brun<\/p>\n<p>D\u00e9tails :<br \/>\n100%PES<br \/>\nImitation cuir<br \/>\nDoublure 100%VI<br \/>\nLavage pressing<br \/>\nTextile : Allemagne<br \/>\nFabriqu\u00e9 en Roumanie<br \/>\nCr\u00e9\u00e9 en Suisse par mademoiselle L<\/p>\n","protected":false},"featured_media":1104,"template":"","meta":{"_acf_changed":false,"_et_pb_use_builder":"","_et_pb_old_content":"","_et_gb_content_width":""},"product_brand":[],"product_cat":[134,138,154],"product_tag":[],"class_list":{"0":"post-2399","1":"product","2":"type-product","3":"status-publish","4":"has-post-thumbnail","6":"product_cat-a-cross-l-part-viii-en","7":"product_cat-clothes","8":"product_cat-jacket","10":"first","11":"instock","12":"sale","13":"shipping-taxable","14":"purchasable","15":"product-type-variable"},"supplier_id":null,"supplier_sku":"","barcode":null,"atum_controlled":true,"out_stock_date":null,"out_stock_threshold":null,"inheritable":false,"inbound_stock":null,"stock_on_hold":0,"sold_today":0,"sales_last_days":0,"reserved_stock":null,"customer_returns":null,"warehouse_damage":null,"lost_in_post":null,"other_logs":null,"out_stock_days":0,"lost_sales":0,"has_location":null,"update_date":"2026-04-21T00:27:52","atum_locations":[],"atum_stock_status":"instock","restock_status":false,"low_stock_amount":"","sales_update_date":"2026-04-21T00:27:52","calc_backorders":null,"acf":[],"aioseo_notices":[],"jetpack_sharing_enabled":true,"_links":{"self":[{"href":"https:\/\/mademoisellel.ch\/en\/wp-json\/wp\/v2\/product\/2399","targetHints":{"allow":["GET"]}}],"collection":[{"href":"https:\/\/mademoisellel.ch\/en\/wp-json\/wp\/v2\/product"}],"about":[{"href":"https:\/\/mademoisellel.ch\/en\/wp-json\/wp\/v2\/types\/product"}],"wp:featuredmedia":[{"embeddable":true,"href":"https:\/\/mademoisellel.ch\/en\/wp-json\/wp\/v2\/media\/1104"}],"wp:attachment":[{"href":"https:\/\/mademoisellel.ch\/en\/wp-json\/wp\/v2\/media?parent=2399"}],"wp:term":[{"taxonomy":"product_brand","embeddable":true,"href":"https:\/\/mademoisellel.ch\/en\/wp-json\/wp\/v2\/product_brand?post=2399"},{"taxonomy":"product_cat","embeddable":true,"href":"https:\/\/mademoisellel.ch\/en\/wp-json\/wp\/v2\/product_cat?post=2399"},{"taxonomy":"product_tag","embeddable":true,"href":"https:\/\/mademoisellel.ch\/en\/wp-json\/wp\/v2\/product_tag?post=2399"}],"curies":[{"name":"wp","href":"https:\/\/api.w.org\/{rel}","templated":true}]}}