{"id":2389,"date":"2019-05-17T16:39:41","date_gmt":"2019-05-17T14:39:41","guid":{"rendered":"https:\/\/mademoisellel.ch\/produit\/xi-b-i-black\/"},"modified":"2020-01-20T13:57:33","modified_gmt":"2020-01-20T12:57:33","slug":"xi-b-i-black","status":"publish","type":"product","link":"https:\/\/mademoisellel.ch\/en\/produit\/xi-b-i-black\/","title":{"rendered":"XI &#8211; B I BLACK"},"content":{"rendered":"","protected":false},"excerpt":{"rendered":"<p>Blouse manches chauve souris. Asym\u00e9trie dans les longueurs dos et devant et petite ouverture sur le c\u00f4t\u00e9. Tissu \u00absport\u00bb l\u00e9g\u00e8rement brillant.<br \/>\nLe mod\u00e8le porte une taille 36<\/p>\n<p>Couleur noir<\/p>\n<p><a href=\"https:\/\/mademoisellel.ch\/produit\/xi-b-i-grey\/\">Existe aussi en gris<\/a><\/p>\n<p>D\u00e9tails :<br \/>\n87%PL 13%EA<br \/>\nTissu l\u00e9ger, fin et tr\u00e8s doux<br \/>\nLavage \u00e0 30\u00b0 d\u00e9licat<br \/>\nTextile : Italie<br \/>\nFabriqu\u00e9 en Bosnie et Herz\u00e9govine<br \/>\nCr\u00e9\u00e9 en Suisse par mademoiselle L<\/p>\n","protected":false},"featured_media":1129,"template":"","meta":{"_acf_changed":false,"_et_pb_use_builder":"","_et_pb_old_content":"","_et_gb_content_width":""},"product_brand":[],"product_cat":[135,138,153],"product_tag":[],"class_list":{"0":"post-2389","1":"product","2":"type-product","3":"status-publish","4":"has-post-thumbnail","6":"product_cat-a-cross-l-part-xi-en","7":"product_cat-clothes","8":"product_cat-top-en","10":"first","11":"outofstock","12":"shipping-taxable","13":"purchasable","14":"product-type-variable"},"supplier_id":null,"supplier_sku":"","barcode":null,"atum_controlled":true,"out_stock_date":null,"out_stock_threshold":null,"inheritable":false,"inbound_stock":null,"stock_on_hold":0,"sold_today":0,"sales_last_days":0,"reserved_stock":null,"customer_returns":null,"warehouse_damage":null,"lost_in_post":null,"other_logs":null,"out_stock_days":0,"lost_sales":0,"has_location":null,"update_date":"2026-05-15T01:24:00","atum_locations":[],"atum_stock_status":"outofstock","restock_status":false,"low_stock_amount":"","sales_update_date":"2026-05-15T01:24:00","calc_backorders":null,"acf":[],"aioseo_notices":[],"jetpack_sharing_enabled":true,"_links":{"self":[{"href":"https:\/\/mademoisellel.ch\/en\/wp-json\/wp\/v2\/product\/2389","targetHints":{"allow":["GET"]}}],"collection":[{"href":"https:\/\/mademoisellel.ch\/en\/wp-json\/wp\/v2\/product"}],"about":[{"href":"https:\/\/mademoisellel.ch\/en\/wp-json\/wp\/v2\/types\/product"}],"wp:featuredmedia":[{"embeddable":true,"href":"https:\/\/mademoisellel.ch\/en\/wp-json\/wp\/v2\/media\/1129"}],"wp:attachment":[{"href":"https:\/\/mademoisellel.ch\/en\/wp-json\/wp\/v2\/media?parent=2389"}],"wp:term":[{"taxonomy":"product_brand","embeddable":true,"href":"https:\/\/mademoisellel.ch\/en\/wp-json\/wp\/v2\/product_brand?post=2389"},{"taxonomy":"product_cat","embeddable":true,"href":"https:\/\/mademoisellel.ch\/en\/wp-json\/wp\/v2\/product_cat?post=2389"},{"taxonomy":"product_tag","embeddable":true,"href":"https:\/\/mademoisellel.ch\/en\/wp-json\/wp\/v2\/product_tag?post=2389"}],"curies":[{"name":"wp","href":"https:\/\/api.w.org\/{rel}","templated":true}]}}