{"id":2379,"date":"2019-05-17T16:53:27","date_gmt":"2019-05-17T14:53:27","guid":{"rendered":"https:\/\/mademoisellel.ch\/produit\/xi-b-ii-black\/"},"modified":"2020-01-20T13:55:33","modified_gmt":"2020-01-20T12:55:33","slug":"xi-b-ii-black","status":"publish","type":"product","link":"https:\/\/mademoisellel.ch\/en\/produit\/xi-b-ii-black\/","title":{"rendered":"XI &#8211; B II BLACK"},"content":{"rendered":"","protected":false},"excerpt":{"rendered":"<p>Blouse, manches basses et droites, d\u00e9coupe sur les manches. Plaque d\u2019\u00e9paule. D\u00e9coupe asym\u00e9trique dans le dos. Tissu \u00absport\u00bb l\u00e9g\u00e8rement brillant.<br \/>\nLe mod\u00e8le porte une taille 36<\/p>\n<p>Couleur noir<\/p>\n<p><a href=\"https:\/\/mademoisellel.ch\/produit\/xi-b-ii-grey\/\">Existe aussi en gris<\/a><\/p>\n<p>D\u00e9tails :<br \/>\n87%PL 13%EA<br \/>\nTissu l\u00e9ger, fin et tr\u00e8s doux<br \/>\nLavage \u00e0 30\u00b0 d\u00e9licat<br \/>\nTextile : Italie<br \/>\nFabriqu\u00e9 en Bosnie et Herz\u00e9govine<br \/>\nCr\u00e9\u00e9 en Suisse par mademoiselle L<\/p>\n","protected":false},"featured_media":1159,"template":"","meta":{"_acf_changed":false,"_et_pb_use_builder":"","_et_pb_old_content":"","_et_gb_content_width":""},"product_brand":[],"product_cat":[135,138,153],"product_tag":[],"class_list":{"0":"post-2379","1":"product","2":"type-product","3":"status-publish","4":"has-post-thumbnail","6":"product_cat-a-cross-l-part-xi-en","7":"product_cat-clothes","8":"product_cat-top-en","10":"first","11":"outofstock","12":"shipping-taxable","13":"purchasable","14":"product-type-variable"},"supplier_id":null,"supplier_sku":"","barcode":null,"atum_controlled":true,"out_stock_date":null,"out_stock_threshold":null,"inheritable":false,"inbound_stock":0,"stock_on_hold":0,"sold_today":0,"sales_last_days":0,"reserved_stock":0,"customer_returns":0,"warehouse_damage":0,"lost_in_post":0,"other_logs":0,"out_stock_days":0,"lost_sales":0,"has_location":false,"update_date":"2026-04-10T00:10:29","atum_locations":[],"atum_stock_status":"outofstock","restock_status":false,"low_stock_amount":"","sales_update_date":"2026-04-10T00:10:29","calc_backorders":null,"acf":[],"aioseo_notices":[],"jetpack_sharing_enabled":true,"_links":{"self":[{"href":"https:\/\/mademoisellel.ch\/en\/wp-json\/wp\/v2\/product\/2379","targetHints":{"allow":["GET"]}}],"collection":[{"href":"https:\/\/mademoisellel.ch\/en\/wp-json\/wp\/v2\/product"}],"about":[{"href":"https:\/\/mademoisellel.ch\/en\/wp-json\/wp\/v2\/types\/product"}],"wp:featuredmedia":[{"embeddable":true,"href":"https:\/\/mademoisellel.ch\/en\/wp-json\/wp\/v2\/media\/1159"}],"wp:attachment":[{"href":"https:\/\/mademoisellel.ch\/en\/wp-json\/wp\/v2\/media?parent=2379"}],"wp:term":[{"taxonomy":"product_brand","embeddable":true,"href":"https:\/\/mademoisellel.ch\/en\/wp-json\/wp\/v2\/product_brand?post=2379"},{"taxonomy":"product_cat","embeddable":true,"href":"https:\/\/mademoisellel.ch\/en\/wp-json\/wp\/v2\/product_cat?post=2379"},{"taxonomy":"product_tag","embeddable":true,"href":"https:\/\/mademoisellel.ch\/en\/wp-json\/wp\/v2\/product_tag?post=2379"}],"curies":[{"name":"wp","href":"https:\/\/api.w.org\/{rel}","templated":true}]}}