{"id":2370,"date":"2019-05-17T17:07:54","date_gmt":"2019-05-17T15:07:54","guid":{"rendered":"https:\/\/mademoisellel.ch\/produit\/xi-mli\/"},"modified":"2022-03-01T13:12:02","modified_gmt":"2022-03-01T12:12:02","slug":"xi-mli","status":"publish","type":"product","link":"https:\/\/mademoisellel.ch\/en\/produit\/xi-mli\/","title":{"rendered":"XI &#8211; M I"},"content":{"rendered":"","protected":false},"excerpt":{"rendered":"<p>Manteau d&#8217;hiver 3\/4 l\u00e9g\u00e8rement oversize. Manches Kimono avec d\u00e9coupes. Col tailleur large et double crois\u00e9, 2 boutons. Ceinture amovible \u00e0 la taille. Deux poches appliqu\u00e9es. Tissus chaud et doux, m\u00e9lange de laine et de laine de cachemire.<br \/>\nLe mod\u00e8le porte une taille 36<\/p>\n<p>Couleur Noir<\/p>\n<p><strong>D\u00e9tails :<\/strong><br \/>\n70%WV 20%PA 10%WS<br \/>\nDoublure 100%VI<br \/>\nLavage pressing<br \/>\nTextile Italie<br \/>\nFabriqu\u00e9 en Bosnie &#038; Herz\u00e9govine<br \/>\nCr\u00e9\u00e9 en Suisse par mademoiselle L<\/p>\n","protected":false},"featured_media":1187,"template":"","meta":{"_acf_changed":false,"_et_pb_use_builder":"","_et_pb_old_content":"","_et_gb_content_width":""},"product_brand":[],"product_cat":[135,138,147],"product_tag":[],"class_list":{"0":"post-2370","1":"product","2":"type-product","3":"status-publish","4":"has-post-thumbnail","6":"product_cat-a-cross-l-part-xi-en","7":"product_cat-clothes","8":"product_cat-coat","10":"first","11":"instock","12":"sale","13":"shipping-taxable","14":"purchasable","15":"product-type-variable"},"supplier_id":null,"supplier_sku":"","barcode":null,"atum_controlled":true,"out_stock_date":null,"out_stock_threshold":null,"inheritable":false,"inbound_stock":0,"stock_on_hold":0,"sold_today":0,"sales_last_days":0,"reserved_stock":0,"customer_returns":0,"warehouse_damage":0,"lost_in_post":0,"other_logs":0,"out_stock_days":0,"lost_sales":0,"has_location":false,"update_date":"2026-04-20T00:26:33","atum_locations":[],"atum_stock_status":"instock","restock_status":false,"low_stock_amount":"","sales_update_date":"2026-04-20T00:26:33","calc_backorders":null,"acf":[],"aioseo_notices":[],"jetpack_sharing_enabled":true,"_links":{"self":[{"href":"https:\/\/mademoisellel.ch\/en\/wp-json\/wp\/v2\/product\/2370","targetHints":{"allow":["GET"]}}],"collection":[{"href":"https:\/\/mademoisellel.ch\/en\/wp-json\/wp\/v2\/product"}],"about":[{"href":"https:\/\/mademoisellel.ch\/en\/wp-json\/wp\/v2\/types\/product"}],"wp:featuredmedia":[{"embeddable":true,"href":"https:\/\/mademoisellel.ch\/en\/wp-json\/wp\/v2\/media\/1187"}],"wp:attachment":[{"href":"https:\/\/mademoisellel.ch\/en\/wp-json\/wp\/v2\/media?parent=2370"}],"wp:term":[{"taxonomy":"product_brand","embeddable":true,"href":"https:\/\/mademoisellel.ch\/en\/wp-json\/wp\/v2\/product_brand?post=2370"},{"taxonomy":"product_cat","embeddable":true,"href":"https:\/\/mademoisellel.ch\/en\/wp-json\/wp\/v2\/product_cat?post=2370"},{"taxonomy":"product_tag","embeddable":true,"href":"https:\/\/mademoisellel.ch\/en\/wp-json\/wp\/v2\/product_tag?post=2370"}],"curies":[{"name":"wp","href":"https:\/\/api.w.org\/{rel}","templated":true}]}}