{"id":2345,"date":"2019-05-17T17:47:36","date_gmt":"2019-05-17T15:47:36","guid":{"rendered":"https:\/\/mademoisellel.ch\/produit\/xi-p-ii-a\/"},"modified":"2020-01-20T13:49:03","modified_gmt":"2020-01-20T12:49:03","slug":"xi-p-ii-a","status":"publish","type":"product","link":"https:\/\/mademoisellel.ch\/en\/produit\/xi-p-ii-a\/","title":{"rendered":"XI &#8211; P II A"},"content":{"rendered":"","protected":false},"excerpt":{"rendered":"<p>Top avec manches \u00e0 m\u00eame. Bande sur les \u00e9paules avec effet plis creux. D\u00e9collet\u00e9 carr\u00e9. Tissu stretch et fluide.<br \/>\nLe mod\u00e8le porte une taille 34<\/p>\n<p>Couleur noir avec bandes beige-roses<\/p>\n<p><a href=\"https:\/\/mademoisellel.ch\/produit\/xi-p-ii-b\/\">Existe aussi en beige-rose avec bandes noires<\/a><\/p>\n<p><strong>D\u00e9tails :<\/strong><br \/>\n90%VI 10%EA<br \/>\nLavage pressing conseill\u00e9<br \/>\nmais possibilit\u00e9 de lavage \u00e0 30\u00b0 d\u00e9clicat<br \/>\nTextile Italie<br \/>\nFabriqu\u00e9 en Bosnie &amp; Herz\u00e9govine<br \/>\nCr\u00e9\u00e9 en Suisse par mademoiselle L<\/p>\n","protected":false},"featured_media":1278,"template":"","meta":{"_acf_changed":false,"_et_pb_use_builder":"","_et_pb_old_content":"","_et_gb_content_width":""},"product_brand":[],"product_cat":[135,138,153],"product_tag":[],"class_list":{"0":"post-2345","1":"product","2":"type-product","3":"status-publish","4":"has-post-thumbnail","6":"product_cat-a-cross-l-part-xi-en","7":"product_cat-clothes","8":"product_cat-top-en","10":"first","11":"outofstock","12":"shipping-taxable","13":"purchasable","14":"product-type-variable"},"supplier_id":null,"supplier_sku":"","barcode":null,"atum_controlled":true,"out_stock_date":null,"out_stock_threshold":null,"inheritable":false,"inbound_stock":0,"stock_on_hold":0,"sold_today":0,"sales_last_days":0,"reserved_stock":0,"customer_returns":0,"warehouse_damage":0,"lost_in_post":0,"other_logs":0,"out_stock_days":0,"lost_sales":0,"has_location":null,"update_date":"2026-05-06T01:03:41","atum_locations":[],"atum_stock_status":"outofstock","restock_status":false,"low_stock_amount":"","sales_update_date":"2026-05-06T01:03:41","calc_backorders":null,"acf":[],"aioseo_notices":[],"jetpack_sharing_enabled":true,"_links":{"self":[{"href":"https:\/\/mademoisellel.ch\/en\/wp-json\/wp\/v2\/product\/2345","targetHints":{"allow":["GET"]}}],"collection":[{"href":"https:\/\/mademoisellel.ch\/en\/wp-json\/wp\/v2\/product"}],"about":[{"href":"https:\/\/mademoisellel.ch\/en\/wp-json\/wp\/v2\/types\/product"}],"wp:featuredmedia":[{"embeddable":true,"href":"https:\/\/mademoisellel.ch\/en\/wp-json\/wp\/v2\/media\/1278"}],"wp:attachment":[{"href":"https:\/\/mademoisellel.ch\/en\/wp-json\/wp\/v2\/media?parent=2345"}],"wp:term":[{"taxonomy":"product_brand","embeddable":true,"href":"https:\/\/mademoisellel.ch\/en\/wp-json\/wp\/v2\/product_brand?post=2345"},{"taxonomy":"product_cat","embeddable":true,"href":"https:\/\/mademoisellel.ch\/en\/wp-json\/wp\/v2\/product_cat?post=2345"},{"taxonomy":"product_tag","embeddable":true,"href":"https:\/\/mademoisellel.ch\/en\/wp-json\/wp\/v2\/product_tag?post=2345"}],"curies":[{"name":"wp","href":"https:\/\/api.w.org\/{rel}","templated":true}]}}