{"id":2286,"date":"2019-05-26T17:37:21","date_gmt":"2019-05-26T15:37:21","guid":{"rendered":"https:\/\/mademoisellel.ch\/produit\/iv-vii\/"},"modified":"2020-01-20T13:37:17","modified_gmt":"2020-01-20T12:37:17","slug":"iv-vii","status":"publish","type":"product","link":"https:\/\/mademoisellel.ch\/en\/produit\/iv-vii\/","title":{"rendered":"IV &#8211; V II"},"content":{"rendered":"","protected":false},"excerpt":{"rendered":"<p>Veste, style jean. D\u00e9coupe devant. Poches appliqu\u00e9es, 4 boutons \u00ab jean \u00bb. Dos avec d\u00e9coupes. Manches courtes. Tissu serg\u00e9 l\u00e9g\u00e8rement stretch.<br \/>\nLe mod\u00e8le porte une taille 36<\/p>\n<p>Couleur bleu<\/p>\n<p><strong>D\u00e9tails :<\/strong><br \/>\n96%CO 4%EA<br \/>\nLavage \u00e0 30\u00b0<br \/>\nTextile Suisse<br \/>\nFabriqu\u00e9 en Roumanie<br \/>\nCr\u00e9\u00e9 en Suisse par mademoiselle L<\/p>\n","protected":false},"featured_media":1708,"template":"","meta":{"_acf_changed":false,"_et_pb_use_builder":"","_et_pb_old_content":"","_et_gb_content_width":""},"product_brand":[],"product_cat":[132,138,154],"product_tag":[],"class_list":{"0":"post-2286","1":"product","2":"type-product","3":"status-publish","4":"has-post-thumbnail","6":"product_cat-a-cross-l-part-iv-en","7":"product_cat-clothes","8":"product_cat-jacket","10":"first","11":"outofstock","12":"sale","13":"shipping-taxable","14":"purchasable","15":"product-type-variable"},"supplier_id":null,"supplier_sku":"","barcode":null,"atum_controlled":true,"out_stock_date":null,"out_stock_threshold":null,"inheritable":false,"inbound_stock":null,"stock_on_hold":0,"sold_today":0,"sales_last_days":0,"reserved_stock":null,"customer_returns":null,"warehouse_damage":null,"lost_in_post":null,"other_logs":null,"out_stock_days":0,"lost_sales":0,"has_location":null,"update_date":"2026-04-23T00:29:27","atum_locations":[],"atum_stock_status":"outofstock","restock_status":false,"low_stock_amount":"","sales_update_date":"2026-04-23T00:29:27","calc_backorders":null,"acf":[],"aioseo_notices":[],"jetpack_sharing_enabled":true,"_links":{"self":[{"href":"https:\/\/mademoisellel.ch\/en\/wp-json\/wp\/v2\/product\/2286","targetHints":{"allow":["GET"]}}],"collection":[{"href":"https:\/\/mademoisellel.ch\/en\/wp-json\/wp\/v2\/product"}],"about":[{"href":"https:\/\/mademoisellel.ch\/en\/wp-json\/wp\/v2\/types\/product"}],"wp:featuredmedia":[{"embeddable":true,"href":"https:\/\/mademoisellel.ch\/en\/wp-json\/wp\/v2\/media\/1708"}],"wp:attachment":[{"href":"https:\/\/mademoisellel.ch\/en\/wp-json\/wp\/v2\/media?parent=2286"}],"wp:term":[{"taxonomy":"product_brand","embeddable":true,"href":"https:\/\/mademoisellel.ch\/en\/wp-json\/wp\/v2\/product_brand?post=2286"},{"taxonomy":"product_cat","embeddable":true,"href":"https:\/\/mademoisellel.ch\/en\/wp-json\/wp\/v2\/product_cat?post=2286"},{"taxonomy":"product_tag","embeddable":true,"href":"https:\/\/mademoisellel.ch\/en\/wp-json\/wp\/v2\/product_tag?post=2286"}],"curies":[{"name":"wp","href":"https:\/\/api.w.org\/{rel}","templated":true}]}}