{"id":20275,"date":"2025-08-20T13:34:31","date_gmt":"2025-08-20T11:34:31","guid":{"rendered":"https:\/\/mademoisellel.ch\/produit\/xxi-b-iii\/"},"modified":"2025-08-20T13:34:31","modified_gmt":"2025-08-20T11:34:31","slug":"xxi-b-iii","status":"publish","type":"product","link":"https:\/\/mademoisellel.ch\/en\/produit\/xxi-b-iii\/","title":{"rendered":"XXI B III"},"content":{"rendered":"","protected":false},"excerpt":{"rendered":"<p>TOP MANCHE BALLON<br \/>\nCOULEUR AMANDE ( BRUN CLAIR ROS\u00c9)<\/p>\n<p>Top manche \u00be , avec ballon, col en \u00ab V \u00bb<br \/>\nLe mod\u00e8le port une taille 36.<\/p>\n<p>DETAILS<br \/>\nMATERIAUX ET ENTRETIEN<br \/>\nComposition 53%AC \u2013 47% VI<br \/>\nTextile issu de stock dormant (deadstock) en  France, pays d\u2019origine Italie<br \/>\nDurabilit\u00e9 : z\u00e9ro d\u00e9chet<br \/>\nLaver \u00e0 30\u00b0 d\u00e9licat, cycle r\u00e9duit au minimum, pas de s\u00e9choir, laver avec couleur similaire, repassage tr\u00e8s doux ou repasser sur l\u2019envers, nettoyage \u00e0 sec possible.<br \/>\nLe tissu a \u00e9t\u00e9 lave avant confection<\/p>\n","protected":false},"featured_media":20264,"template":"","meta":{"_acf_changed":false,"_et_pb_use_builder":"","_et_pb_old_content":"","_et_gb_content_width":""},"product_brand":[],"product_cat":[266,138,131,205,153],"product_tag":[],"class_list":{"0":"post-20275","1":"product","2":"type-product","3":"status-publish","4":"has-post-thumbnail","6":"product_cat-a-cross-l-part-xxi-en","7":"product_cat-clothes","8":"product_cat-collection-en","9":"product_cat-new-en","10":"product_cat-top-en","12":"first","13":"instock","14":"shipping-taxable","15":"purchasable","16":"product-type-variable"},"supplier_id":null,"supplier_sku":"","barcode":null,"atum_controlled":true,"out_stock_date":null,"out_stock_threshold":null,"inheritable":true,"inbound_stock":0,"stock_on_hold":0,"sold_today":0,"sales_last_days":0,"reserved_stock":0,"customer_returns":0,"warehouse_damage":0,"lost_in_post":0,"other_logs":0,"out_stock_days":0,"lost_sales":0,"has_location":false,"update_date":"2026-04-05T00:03:49","atum_locations":[],"atum_stock_status":"instock","restock_status":false,"low_stock_amount":"","sales_update_date":"2026-04-05T00:03:49","calc_backorders":null,"acf":[],"aioseo_notices":[],"jetpack_sharing_enabled":true,"_links":{"self":[{"href":"https:\/\/mademoisellel.ch\/en\/wp-json\/wp\/v2\/product\/20275","targetHints":{"allow":["GET"]}}],"collection":[{"href":"https:\/\/mademoisellel.ch\/en\/wp-json\/wp\/v2\/product"}],"about":[{"href":"https:\/\/mademoisellel.ch\/en\/wp-json\/wp\/v2\/types\/product"}],"wp:featuredmedia":[{"embeddable":true,"href":"https:\/\/mademoisellel.ch\/en\/wp-json\/wp\/v2\/media\/20264"}],"wp:attachment":[{"href":"https:\/\/mademoisellel.ch\/en\/wp-json\/wp\/v2\/media?parent=20275"}],"wp:term":[{"taxonomy":"product_brand","embeddable":true,"href":"https:\/\/mademoisellel.ch\/en\/wp-json\/wp\/v2\/product_brand?post=20275"},{"taxonomy":"product_cat","embeddable":true,"href":"https:\/\/mademoisellel.ch\/en\/wp-json\/wp\/v2\/product_cat?post=20275"},{"taxonomy":"product_tag","embeddable":true,"href":"https:\/\/mademoisellel.ch\/en\/wp-json\/wp\/v2\/product_tag?post=20275"}],"curies":[{"name":"wp","href":"https:\/\/api.w.org\/{rel}","templated":true}]}}