{"id":20236,"date":"2025-07-05T15:02:44","date_gmt":"2025-07-05T13:02:44","guid":{"rendered":"https:\/\/mademoisellel.ch\/produit\/xxi-r-iv\/"},"modified":"2025-07-05T15:34:25","modified_gmt":"2025-07-05T13:34:25","slug":"xxi-r-iv","status":"publish","type":"product","link":"https:\/\/mademoisellel.ch\/en\/produit\/xxi-r-iv\/","title":{"rendered":"XXI R IV"},"content":{"rendered":"","protected":false},"excerpt":{"rendered":"<p>ROBE<\/p>\n<p>COULEUR LIGNEE BLEU BLANC<\/p>\n<p>Robe d\u2019\u00e9t\u00e9 mi-longue<br \/>\nLe mod\u00e8le port une taille 36<\/p>\n<p>DETAILS<br \/>\nMATERIAUX ET ENTRETIEN<br \/>\nComposition 100% coton<br \/>\nTextile issu de stock dormant (deadstock) en  France, pays d\u2019origine Italie<br \/>\nDurabilit\u00e9 : z\u00e9ro d\u00e9chet<br \/>\nLaver \u00e0 30\u00b0 d\u00e9licat, cycle r\u00e9duit au minimum, pas de s\u00e9choir, nettoyage \u00e0 sec possible mais P d\u00e9licat<\/p>\n","protected":false},"featured_media":20225,"template":"","meta":{"_acf_changed":false,"_et_pb_use_builder":"","_et_pb_old_content":"","_et_gb_content_width":""},"product_brand":[],"product_cat":[266,138,131,205,146],"product_tag":[],"class_list":{"0":"post-20236","1":"product","2":"type-product","3":"status-publish","4":"has-post-thumbnail","6":"product_cat-a-cross-l-part-xxi-en","7":"product_cat-clothes","8":"product_cat-collection-en","9":"product_cat-new-en","10":"product_cat-skirt","12":"first","13":"instock","14":"shipping-taxable","15":"purchasable","16":"product-type-variable"},"supplier_id":null,"supplier_sku":"","barcode":null,"atum_controlled":true,"out_stock_date":null,"out_stock_threshold":null,"inheritable":true,"inbound_stock":0,"stock_on_hold":0,"sold_today":0,"sales_last_days":0,"reserved_stock":0,"customer_returns":0,"warehouse_damage":0,"lost_in_post":0,"other_logs":0,"out_stock_days":0,"lost_sales":0,"has_location":false,"update_date":"2026-04-05T00:03:46","atum_locations":[],"atum_stock_status":"instock","restock_status":false,"low_stock_amount":"","sales_update_date":"2026-04-05T00:03:46","calc_backorders":null,"acf":[],"aioseo_notices":[],"jetpack_sharing_enabled":true,"_links":{"self":[{"href":"https:\/\/mademoisellel.ch\/en\/wp-json\/wp\/v2\/product\/20236","targetHints":{"allow":["GET"]}}],"collection":[{"href":"https:\/\/mademoisellel.ch\/en\/wp-json\/wp\/v2\/product"}],"about":[{"href":"https:\/\/mademoisellel.ch\/en\/wp-json\/wp\/v2\/types\/product"}],"wp:featuredmedia":[{"embeddable":true,"href":"https:\/\/mademoisellel.ch\/en\/wp-json\/wp\/v2\/media\/20225"}],"wp:attachment":[{"href":"https:\/\/mademoisellel.ch\/en\/wp-json\/wp\/v2\/media?parent=20236"}],"wp:term":[{"taxonomy":"product_brand","embeddable":true,"href":"https:\/\/mademoisellel.ch\/en\/wp-json\/wp\/v2\/product_brand?post=20236"},{"taxonomy":"product_cat","embeddable":true,"href":"https:\/\/mademoisellel.ch\/en\/wp-json\/wp\/v2\/product_cat?post=20236"},{"taxonomy":"product_tag","embeddable":true,"href":"https:\/\/mademoisellel.ch\/en\/wp-json\/wp\/v2\/product_tag?post=20236"}],"curies":[{"name":"wp","href":"https:\/\/api.w.org\/{rel}","templated":true}]}}