{"id":20197,"date":"2025-05-30T15:36:11","date_gmt":"2025-05-30T13:36:11","guid":{"rendered":"https:\/\/mademoisellel.ch\/produit\/xxi-r-iii\/"},"modified":"2025-10-18T15:45:09","modified_gmt":"2025-10-18T13:45:09","slug":"xxi-r-iii","status":"publish","type":"product","link":"https:\/\/mademoisellel.ch\/en\/produit\/xxi-r-iii\/","title":{"rendered":"XXI R III"},"content":{"rendered":"","protected":false},"excerpt":{"rendered":"<p>ROBE OVERSIZE<br \/>\nCOULEUR LIGNEE BLEU BLANC<\/p>\n<p>Robe large et \u00e9vas\u00e9e, longueur devant et dos asym\u00e9trique, avec volant, col en V, plis dans le dos<br \/>\nLe mod\u00e8le port une taille 1.<\/p>\n<p>DETAILS<br \/>\nMATERIAUX ET ENTRETIEN<br \/>\nComposition 100% coton<br \/>\nTextile issu de stock dormant (deadstock) en  France, pays d\u2019origine Italie<br \/>\nDurabilit\u00e9 : z\u00e9ro d\u00e9chet<br \/>\nLaver \u00e0 30\u00b0 d\u00e9licat, cycle r\u00e9duit au minimum, pas de s\u00e9choir, nettoyage \u00e0 sec possible mais P d\u00e9licat<\/p>\n<p>TAILLE : 1 = 34-38 \/ 2 = 40-44<\/p>\n","protected":false},"featured_media":20186,"template":"","meta":{"_acf_changed":false,"_et_pb_use_builder":"","_et_pb_old_content":"","_et_gb_content_width":""},"product_brand":[],"product_cat":[266,138,131,150],"product_tag":[],"class_list":{"0":"post-20197","1":"product","2":"type-product","3":"status-publish","4":"has-post-thumbnail","6":"product_cat-a-cross-l-part-xxi-en","7":"product_cat-clothes","8":"product_cat-collection-en","9":"product_cat-dress","11":"first","12":"instock","13":"shipping-taxable","14":"purchasable","15":"product-type-variable"},"supplier_id":null,"supplier_sku":"","barcode":null,"atum_controlled":true,"out_stock_date":null,"out_stock_threshold":null,"inheritable":true,"inbound_stock":0,"stock_on_hold":0,"sold_today":0,"sales_last_days":0,"reserved_stock":0,"customer_returns":0,"warehouse_damage":0,"lost_in_post":0,"other_logs":0,"out_stock_days":0,"lost_sales":0,"has_location":false,"update_date":"2026-04-30T00:53:15","atum_locations":[],"atum_stock_status":"instock","restock_status":false,"low_stock_amount":"","sales_update_date":"2026-04-30T00:53:15","calc_backorders":null,"acf":[],"aioseo_notices":[],"jetpack_sharing_enabled":true,"_links":{"self":[{"href":"https:\/\/mademoisellel.ch\/en\/wp-json\/wp\/v2\/product\/20197","targetHints":{"allow":["GET"]}}],"collection":[{"href":"https:\/\/mademoisellel.ch\/en\/wp-json\/wp\/v2\/product"}],"about":[{"href":"https:\/\/mademoisellel.ch\/en\/wp-json\/wp\/v2\/types\/product"}],"wp:featuredmedia":[{"embeddable":true,"href":"https:\/\/mademoisellel.ch\/en\/wp-json\/wp\/v2\/media\/20186"}],"wp:attachment":[{"href":"https:\/\/mademoisellel.ch\/en\/wp-json\/wp\/v2\/media?parent=20197"}],"wp:term":[{"taxonomy":"product_brand","embeddable":true,"href":"https:\/\/mademoisellel.ch\/en\/wp-json\/wp\/v2\/product_brand?post=20197"},{"taxonomy":"product_cat","embeddable":true,"href":"https:\/\/mademoisellel.ch\/en\/wp-json\/wp\/v2\/product_cat?post=20197"},{"taxonomy":"product_tag","embeddable":true,"href":"https:\/\/mademoisellel.ch\/en\/wp-json\/wp\/v2\/product_tag?post=20197"}],"curies":[{"name":"wp","href":"https:\/\/api.w.org\/{rel}","templated":true}]}}