{"id":18766,"date":"2022-03-03T14:34:55","date_gmt":"2022-03-03T13:34:55","guid":{"rendered":"https:\/\/mademoisellel.ch\/produit\/xvii-t-i\/"},"modified":"2023-01-08T21:56:22","modified_gmt":"2023-01-08T20:56:22","slug":"xvii-t-i","status":"publish","type":"product","link":"https:\/\/mademoisellel.ch\/en\/produit\/xvii-t-i\/","title":{"rendered":"XVII t I"},"content":{"rendered":"","protected":false},"excerpt":{"rendered":"<p>Top sans manche, avec large \u00e9lastique<\/p>\n<p>Le mod\u00e8le porte une taille 36<\/p>\n<p>Couleur dor\u00e9 sable<\/p>\n<p>D\u00e9tails :<br \/>\n45% CU  49% VI  6% EA<br \/>\nLavage \u00e0 30\u00b0<br \/>\nTextile : Italie<br \/>\nCr\u00e9\u00e9 et Fabriqu\u00e9 en Suisse par mademoiselle L<\/p>\n","protected":false},"featured_media":18756,"template":"","meta":{"_acf_changed":false,"_et_pb_use_builder":"","_et_pb_old_content":"","_et_gb_content_width":""},"product_brand":[],"product_cat":[252,138,131,153],"product_tag":[],"class_list":{"0":"post-18766","1":"product","2":"type-product","3":"status-publish","4":"has-post-thumbnail","6":"product_cat-a-cross-l-part-xvii-en","7":"product_cat-clothes","8":"product_cat-collection-en","9":"product_cat-top-en","11":"first","12":"instock","13":"shipping-taxable","14":"purchasable","15":"product-type-variable"},"supplier_id":null,"supplier_sku":"","barcode":null,"atum_controlled":true,"out_stock_date":null,"out_stock_threshold":null,"inheritable":true,"inbound_stock":0,"stock_on_hold":0,"sold_today":0,"sales_last_days":0,"reserved_stock":0,"customer_returns":0,"warehouse_damage":0,"lost_in_post":0,"other_logs":0,"out_stock_days":0,"lost_sales":0,"has_location":false,"update_date":"2026-05-03T00:58:58","atum_locations":[],"atum_stock_status":"instock","restock_status":false,"low_stock_amount":"","sales_update_date":"2026-05-03T00:58:58","calc_backorders":null,"acf":[],"aioseo_notices":[],"jetpack_sharing_enabled":true,"_links":{"self":[{"href":"https:\/\/mademoisellel.ch\/en\/wp-json\/wp\/v2\/product\/18766","targetHints":{"allow":["GET"]}}],"collection":[{"href":"https:\/\/mademoisellel.ch\/en\/wp-json\/wp\/v2\/product"}],"about":[{"href":"https:\/\/mademoisellel.ch\/en\/wp-json\/wp\/v2\/types\/product"}],"wp:featuredmedia":[{"embeddable":true,"href":"https:\/\/mademoisellel.ch\/en\/wp-json\/wp\/v2\/media\/18756"}],"wp:attachment":[{"href":"https:\/\/mademoisellel.ch\/en\/wp-json\/wp\/v2\/media?parent=18766"}],"wp:term":[{"taxonomy":"product_brand","embeddable":true,"href":"https:\/\/mademoisellel.ch\/en\/wp-json\/wp\/v2\/product_brand?post=18766"},{"taxonomy":"product_cat","embeddable":true,"href":"https:\/\/mademoisellel.ch\/en\/wp-json\/wp\/v2\/product_cat?post=18766"},{"taxonomy":"product_tag","embeddable":true,"href":"https:\/\/mademoisellel.ch\/en\/wp-json\/wp\/v2\/product_tag?post=18766"}],"curies":[{"name":"wp","href":"https:\/\/api.w.org\/{rel}","templated":true}]}}