{"id":18737,"date":"2022-03-03T14:41:42","date_gmt":"2022-03-03T13:41:42","guid":{"rendered":"https:\/\/mademoisellel.ch\/produit\/xvii-pant-iii\/"},"modified":"2025-02-08T13:03:39","modified_gmt":"2025-02-08T12:03:39","slug":"xvii-pant-iii","status":"publish","type":"product","link":"https:\/\/mademoisellel.ch\/en\/produit\/xvii-pant-iii\/","title":{"rendered":"XVII Pant III"},"content":{"rendered":"","protected":false},"excerpt":{"rendered":"<p>Pantalon large \u00e0 plis, ceinture large \u00e9lastique et Fronces \u00e0 la taille. Tissu fluide et souple, pantalon enti\u00e8rement glac\u00e9 pour \u00e9viter les transparences.<\/p>\n<p>Le mod\u00e8le porte une taille 36<\/p>\n<p>Couleur rose pale<\/p>\n<p>D\u00e9tails :<br \/>\n97% PL  3% spandex<br \/>\nLavage \u00e0 30\u00b0<br \/>\nTextile : France<br \/>\nCr\u00e9\u00e9 et Fabriqu\u00e9 en Suisse par mademoiselle L<\/p>\n","protected":false},"featured_media":18730,"template":"","meta":{"_acf_changed":false,"_et_pb_use_builder":"","_et_pb_old_content":"","_et_gb_content_width":""},"product_brand":[],"product_cat":[252,138,131,148],"product_tag":[],"class_list":{"0":"post-18737","1":"product","2":"type-product","3":"status-publish","4":"has-post-thumbnail","6":"product_cat-a-cross-l-part-xvii-en","7":"product_cat-clothes","8":"product_cat-collection-en","9":"product_cat-pant","11":"first","12":"instock","13":"shipping-taxable","14":"purchasable","15":"product-type-variable"},"supplier_id":null,"supplier_sku":"","barcode":null,"atum_controlled":true,"out_stock_date":null,"out_stock_threshold":null,"inheritable":true,"inbound_stock":0,"stock_on_hold":0,"sold_today":0,"sales_last_days":0,"reserved_stock":0,"customer_returns":0,"warehouse_damage":0,"lost_in_post":0,"other_logs":0,"out_stock_days":0,"lost_sales":0,"has_location":false,"update_date":"2026-04-05T00:03:19","atum_locations":[],"atum_stock_status":"instock","restock_status":false,"low_stock_amount":"","sales_update_date":"2026-04-05T00:03:19","calc_backorders":null,"acf":[],"aioseo_notices":[],"jetpack_sharing_enabled":true,"_links":{"self":[{"href":"https:\/\/mademoisellel.ch\/en\/wp-json\/wp\/v2\/product\/18737","targetHints":{"allow":["GET"]}}],"collection":[{"href":"https:\/\/mademoisellel.ch\/en\/wp-json\/wp\/v2\/product"}],"about":[{"href":"https:\/\/mademoisellel.ch\/en\/wp-json\/wp\/v2\/types\/product"}],"wp:featuredmedia":[{"embeddable":true,"href":"https:\/\/mademoisellel.ch\/en\/wp-json\/wp\/v2\/media\/18730"}],"wp:attachment":[{"href":"https:\/\/mademoisellel.ch\/en\/wp-json\/wp\/v2\/media?parent=18737"}],"wp:term":[{"taxonomy":"product_brand","embeddable":true,"href":"https:\/\/mademoisellel.ch\/en\/wp-json\/wp\/v2\/product_brand?post=18737"},{"taxonomy":"product_cat","embeddable":true,"href":"https:\/\/mademoisellel.ch\/en\/wp-json\/wp\/v2\/product_cat?post=18737"},{"taxonomy":"product_tag","embeddable":true,"href":"https:\/\/mademoisellel.ch\/en\/wp-json\/wp\/v2\/product_tag?post=18737"}],"curies":[{"name":"wp","href":"https:\/\/api.w.org\/{rel}","templated":true}]}}