{"id":18623,"date":"2022-03-03T14:41:44","date_gmt":"2022-03-03T13:41:44","guid":{"rendered":"https:\/\/mademoisellel.ch\/produit\/xvii-b-ii\/"},"modified":"2022-09-30T15:04:33","modified_gmt":"2022-09-30T13:04:33","slug":"xvii-b-ii","status":"publish","type":"product","link":"https:\/\/mademoisellel.ch\/en\/produit\/xvii-b-ii\/","title":{"rendered":"XVII b II"},"content":{"rendered":"","protected":false},"excerpt":{"rendered":"<p>T-shirt rose avec bande noire, tissu doux comme de la soie. D\u00e9coupe poitrine-<\/p>\n<p>Le mod\u00e8le porte une taille 36<\/p>\n<p>Couleur rose p\u00e2le et noir<\/p>\n<p>D\u00e9tails :<br \/>\n97% PL  3% spandex<br \/>\nLavage \u00e0 30\u00b0<br \/>\nTextile : France<br \/>\nUpcycl\u00e9 en Suisse<br \/>\nCr\u00e9\u00e9 et fabriqu\u00e9 en Suisse par mademoiselle L<\/p>\n","protected":false},"featured_media":18610,"template":"","meta":{"_acf_changed":false,"_et_pb_use_builder":"","_et_pb_old_content":"","_et_gb_content_width":""},"product_brand":[],"product_cat":[252,138,131,153],"product_tag":[],"class_list":{"0":"post-18623","1":"product","2":"type-product","3":"status-publish","4":"has-post-thumbnail","6":"product_cat-a-cross-l-part-xvii-en","7":"product_cat-clothes","8":"product_cat-collection-en","9":"product_cat-top-en","11":"first","12":"outofstock","13":"shipping-taxable","14":"product-type-variable"},"supplier_id":null,"supplier_sku":"","barcode":null,"atum_controlled":true,"out_stock_date":null,"out_stock_threshold":null,"inheritable":true,"inbound_stock":0,"stock_on_hold":0,"sold_today":0,"sales_last_days":0,"reserved_stock":0,"customer_returns":0,"warehouse_damage":0,"lost_in_post":0,"other_logs":0,"out_stock_days":0,"lost_sales":0,"has_location":false,"update_date":"2026-04-10T00:10:58","atum_locations":[],"atum_stock_status":"outofstock","restock_status":false,"low_stock_amount":"","sales_update_date":"2026-04-10T00:10:58","calc_backorders":null,"acf":[],"aioseo_notices":[],"jetpack_sharing_enabled":true,"_links":{"self":[{"href":"https:\/\/mademoisellel.ch\/en\/wp-json\/wp\/v2\/product\/18623","targetHints":{"allow":["GET"]}}],"collection":[{"href":"https:\/\/mademoisellel.ch\/en\/wp-json\/wp\/v2\/product"}],"about":[{"href":"https:\/\/mademoisellel.ch\/en\/wp-json\/wp\/v2\/types\/product"}],"wp:featuredmedia":[{"embeddable":true,"href":"https:\/\/mademoisellel.ch\/en\/wp-json\/wp\/v2\/media\/18610"}],"wp:attachment":[{"href":"https:\/\/mademoisellel.ch\/en\/wp-json\/wp\/v2\/media?parent=18623"}],"wp:term":[{"taxonomy":"product_brand","embeddable":true,"href":"https:\/\/mademoisellel.ch\/en\/wp-json\/wp\/v2\/product_brand?post=18623"},{"taxonomy":"product_cat","embeddable":true,"href":"https:\/\/mademoisellel.ch\/en\/wp-json\/wp\/v2\/product_cat?post=18623"},{"taxonomy":"product_tag","embeddable":true,"href":"https:\/\/mademoisellel.ch\/en\/wp-json\/wp\/v2\/product_tag?post=18623"}],"curies":[{"name":"wp","href":"https:\/\/api.w.org\/{rel}","templated":true}]}}