{"id":18421,"date":"2021-12-05T19:13:28","date_gmt":"2021-12-05T18:13:28","guid":{"rendered":"https:\/\/mademoisellel.ch\/produit\/bags-ii-pouch-i\/"},"modified":"2024-10-05T15:40:50","modified_gmt":"2024-10-05T13:40:50","slug":"bags-ii-pouch-i","status":"publish","type":"product","link":"https:\/\/mademoisellel.ch\/en\/produit\/bags-ii-pouch-i\/","title":{"rendered":"BAGS II \u2013 POUCH I"},"content":{"rendered":"","protected":false},"excerpt":{"rendered":"<p>Pouch &#8211; waist band<\/p>\n<p>This new pouch can be worn as you wish as a waist bag, handbag, shoulder strap, because of its two imitation leather ties, with interior pouch<br \/>\nmade in Mademoiselle L&#8217;s studio<\/p>\n<p>Color blue-jean and black<\/p>\n<p>Detail<br \/>\n100%CO<br \/>\nDoublure 95%CO 5%EA<br \/>\nLani\u00e8re : faux cuir<br \/>\nTextile Europe, r\u00e9cup\u00e9ration fin de s\u00e9rie<br \/>\nLani\u00e8res : Italie<\/p>\n<p>Fabriqu\u00e9 dans l\u2019atelier de mademoiselle L \u00e0 Versoix-Gen\u00e8ve<br \/>\nSwiss made<\/p>\n","protected":false},"featured_media":18400,"template":"","meta":{"_acf_changed":false,"_et_pb_use_builder":"","_et_pb_old_content":"","_et_gb_content_width":""},"product_brand":[],"product_cat":[207,233,244,131],"product_tag":[],"class_list":{"0":"post-18421","1":"product","2":"type-product","3":"status-publish","4":"has-post-thumbnail","6":"product_cat-accessories-en","7":"product_cat-bags","8":"product_cat-bags-ii-en","9":"product_cat-collection-en","11":"first","12":"instock","13":"shipping-taxable","14":"purchasable","15":"product-type-simple"},"supplier_id":null,"supplier_sku":"","barcode":null,"atum_controlled":true,"out_stock_date":null,"out_stock_threshold":null,"inheritable":false,"inbound_stock":0,"stock_on_hold":0,"sold_today":0,"sales_last_days":0,"reserved_stock":0,"customer_returns":0,"warehouse_damage":0,"lost_in_post":0,"other_logs":0,"out_stock_days":0,"lost_sales":0,"has_location":false,"update_date":"2026-04-14T00:14:25","atum_locations":[],"atum_stock_status":"instock","restock_status":false,"low_stock_amount":"","sales_update_date":"2026-04-14T00:14:25","calc_backorders":null,"acf":[],"aioseo_notices":[],"jetpack_sharing_enabled":true,"_links":{"self":[{"href":"https:\/\/mademoisellel.ch\/en\/wp-json\/wp\/v2\/product\/18421","targetHints":{"allow":["GET"]}}],"collection":[{"href":"https:\/\/mademoisellel.ch\/en\/wp-json\/wp\/v2\/product"}],"about":[{"href":"https:\/\/mademoisellel.ch\/en\/wp-json\/wp\/v2\/types\/product"}],"wp:featuredmedia":[{"embeddable":true,"href":"https:\/\/mademoisellel.ch\/en\/wp-json\/wp\/v2\/media\/18400"}],"wp:attachment":[{"href":"https:\/\/mademoisellel.ch\/en\/wp-json\/wp\/v2\/media?parent=18421"}],"wp:term":[{"taxonomy":"product_brand","embeddable":true,"href":"https:\/\/mademoisellel.ch\/en\/wp-json\/wp\/v2\/product_brand?post=18421"},{"taxonomy":"product_cat","embeddable":true,"href":"https:\/\/mademoisellel.ch\/en\/wp-json\/wp\/v2\/product_cat?post=18421"},{"taxonomy":"product_tag","embeddable":true,"href":"https:\/\/mademoisellel.ch\/en\/wp-json\/wp\/v2\/product_tag?post=18421"}],"curies":[{"name":"wp","href":"https:\/\/api.w.org\/{rel}","templated":true}]}}