{"id":18293,"date":"2021-06-15T13:56:37","date_gmt":"2021-06-17T05:08:02","guid":{"rendered":"https:\/\/mademoisellel.ch\/?post_type=product&#038;p=18293"},"modified":"2023-01-08T22:05:44","modified_gmt":"2023-01-08T21:05:44","slug":"bags-i-gb-i-croix","status":"publish","type":"product","link":"https:\/\/mademoisellel.ch\/en\/produit\/bags-i-gb-i-croix\/","title":{"rendered":"BAGS I \u2013 GB I CROIX"},"content":{"rendered":"","protected":false},"excerpt":{"rendered":"<p>Gym Bag, s\u00e9rigraphie croix<\/p>\n<p>Couleur noir, encre argent\u00e9e<\/p>\n<p>D\u00e9tails :<br \/>\nCoton enduit et polyester<br \/>\nEncre \u00e0 l\u2019eau<br \/>\nTextile &#038; fournitures : Italie &#038; Allemagne<br \/>\nFabriqu\u00e9 et s\u00e9rigraphi\u00e9 dans l\u2019atelier de mademoiselle L \u00e0 Versoix-Gen\u00e8ve<br \/>\nSwiss Made<\/p>\n","protected":false},"featured_media":18285,"template":"","meta":{"_acf_changed":false,"_et_pb_use_builder":"","_et_pb_old_content":"","_et_gb_content_width":""},"product_brand":[],"product_cat":[207,233,232,131],"product_tag":[],"class_list":{"0":"post-18293","1":"product","2":"type-product","3":"status-publish","4":"has-post-thumbnail","6":"product_cat-accessories-en","7":"product_cat-bags","8":"product_cat-bags-i-en","9":"product_cat-collection-en","11":"first","12":"instock","13":"shipping-taxable","14":"purchasable","15":"product-type-simple"},"supplier_id":null,"supplier_sku":"","barcode":null,"atum_controlled":true,"out_stock_date":null,"out_stock_threshold":null,"inheritable":false,"inbound_stock":0,"stock_on_hold":0,"sold_today":0,"sales_last_days":0,"reserved_stock":0,"customer_returns":0,"warehouse_damage":0,"lost_in_post":0,"other_logs":0,"out_stock_days":0,"lost_sales":0,"has_location":false,"update_date":"2026-04-30T00:52:39","atum_locations":[],"atum_stock_status":"instock","restock_status":false,"low_stock_amount":"","sales_update_date":"2026-04-30T00:52:39","calc_backorders":null,"acf":[],"aioseo_notices":[],"jetpack_sharing_enabled":true,"_links":{"self":[{"href":"https:\/\/mademoisellel.ch\/en\/wp-json\/wp\/v2\/product\/18293","targetHints":{"allow":["GET"]}}],"collection":[{"href":"https:\/\/mademoisellel.ch\/en\/wp-json\/wp\/v2\/product"}],"about":[{"href":"https:\/\/mademoisellel.ch\/en\/wp-json\/wp\/v2\/types\/product"}],"wp:featuredmedia":[{"embeddable":true,"href":"https:\/\/mademoisellel.ch\/en\/wp-json\/wp\/v2\/media\/18285"}],"wp:attachment":[{"href":"https:\/\/mademoisellel.ch\/en\/wp-json\/wp\/v2\/media?parent=18293"}],"wp:term":[{"taxonomy":"product_brand","embeddable":true,"href":"https:\/\/mademoisellel.ch\/en\/wp-json\/wp\/v2\/product_brand?post=18293"},{"taxonomy":"product_cat","embeddable":true,"href":"https:\/\/mademoisellel.ch\/en\/wp-json\/wp\/v2\/product_cat?post=18293"},{"taxonomy":"product_tag","embeddable":true,"href":"https:\/\/mademoisellel.ch\/en\/wp-json\/wp\/v2\/product_tag?post=18293"}],"curies":[{"name":"wp","href":"https:\/\/api.w.org\/{rel}","templated":true}]}}