{"id":18204,"date":"2021-06-08T18:40:28","date_gmt":"2021-06-17T05:08:10","guid":{"rendered":"https:\/\/mademoisellel.ch\/?post_type=product&#038;p=18204"},"modified":"2024-04-14T11:55:41","modified_gmt":"2024-04-14T09:55:41","slug":"bags-i-ba-i-noir","status":"publish","type":"product","link":"https:\/\/mademoisellel.ch\/en\/produit\/bags-i-ba-i-noir\/","title":{"rendered":"BAGS I \u2013 BA I NOIR"},"content":{"rendered":"","protected":false},"excerpt":{"rendered":"<p>Sac-banane, en cuir synth\u00e9tique verni, une poche int\u00e9rieure et une poche au dos, lani\u00e8re r\u00e9glable et d\u00e9tachable<\/p>\n<p>Couleur : Noir brillant<\/p>\n<p>D\u00e9tails :<br \/>\n85%PU 15%PES<br \/>\nDoublure 95%CO 5%EA<br \/>\nTextile &#038; Fournitures : Espagne, Italie &#038; France<br \/>\nFabriqu\u00e9 dans l\u2019atelier de mademoiselle L \u00e0 Versoix-Gen\u00e8ve<br \/>\nSwiss Made<\/p>\n","protected":false},"featured_media":17624,"template":"","meta":{"_acf_changed":false,"_et_pb_use_builder":"","_et_pb_old_content":"","_et_gb_content_width":""},"product_brand":[],"product_cat":[207,233,232,131],"product_tag":[],"class_list":{"0":"post-18204","1":"product","2":"type-product","3":"status-publish","4":"has-post-thumbnail","6":"product_cat-accessories-en","7":"product_cat-bags","8":"product_cat-bags-i-en","9":"product_cat-collection-en","11":"first","12":"outofstock","13":"shipping-taxable","14":"purchasable","15":"product-type-simple"},"supplier_id":null,"supplier_sku":"","barcode":null,"atum_controlled":true,"out_stock_date":"2024-04-14 09:55:41","out_stock_threshold":null,"inheritable":false,"inbound_stock":0,"stock_on_hold":0,"sold_today":0,"sales_last_days":0,"reserved_stock":0,"customer_returns":0,"warehouse_damage":0,"lost_in_post":0,"other_logs":0,"out_stock_days":743,"lost_sales":0,"has_location":false,"update_date":"2026-04-28T00:50:18","atum_locations":[],"atum_stock_status":"outofstock","restock_status":false,"low_stock_amount":"","sales_update_date":"2026-04-28T00:50:18","calc_backorders":null,"acf":[],"aioseo_notices":[],"jetpack_sharing_enabled":true,"_links":{"self":[{"href":"https:\/\/mademoisellel.ch\/en\/wp-json\/wp\/v2\/product\/18204","targetHints":{"allow":["GET"]}}],"collection":[{"href":"https:\/\/mademoisellel.ch\/en\/wp-json\/wp\/v2\/product"}],"about":[{"href":"https:\/\/mademoisellel.ch\/en\/wp-json\/wp\/v2\/types\/product"}],"wp:featuredmedia":[{"embeddable":true,"href":"https:\/\/mademoisellel.ch\/en\/wp-json\/wp\/v2\/media\/17624"}],"wp:attachment":[{"href":"https:\/\/mademoisellel.ch\/en\/wp-json\/wp\/v2\/media?parent=18204"}],"wp:term":[{"taxonomy":"product_brand","embeddable":true,"href":"https:\/\/mademoisellel.ch\/en\/wp-json\/wp\/v2\/product_brand?post=18204"},{"taxonomy":"product_cat","embeddable":true,"href":"https:\/\/mademoisellel.ch\/en\/wp-json\/wp\/v2\/product_cat?post=18204"},{"taxonomy":"product_tag","embeddable":true,"href":"https:\/\/mademoisellel.ch\/en\/wp-json\/wp\/v2\/product_tag?post=18204"}],"curies":[{"name":"wp","href":"https:\/\/api.w.org\/{rel}","templated":true}]}}