{"id":18197,"date":"2021-06-08T18:39:51","date_gmt":"2021-06-18T19:50:37","guid":{"rendered":"https:\/\/mademoisellel.ch\/?post_type=product&#038;p=18197"},"modified":"2024-04-14T11:39:19","modified_gmt":"2024-04-14T09:39:19","slug":"t-shirts-i-ts-ii","status":"publish","type":"product","link":"https:\/\/mademoisellel.ch\/en\/produit\/t-shirts-i-ts-ii\/","title":{"rendered":"T-Shirts I \u2013 TS II"},"content":{"rendered":"","protected":false},"excerpt":{"rendered":"<p>T-shirt, s\u00e9rigraphie artisanale croix noire.<\/p>\n<p>Couleur gris chin\u00e9<\/p>\n<p>D\u00e9tails :<br \/>\n95% organic CO 5% EA<br \/>\nEncre \u00e0 l\u2019eau<br \/>\nLavage \u00e0 30\u00b0<br \/>\nTextile : Espagne<br \/>\nFabriqu\u00e9 et s\u00e9rigraphi\u00e9 dans l\u2019atelier de mademoiselle L<br \/>\nSwiss Made<\/p>\n","protected":false},"featured_media":17742,"template":"","meta":{"_acf_changed":false,"_et_pb_use_builder":"","_et_pb_old_content":"","_et_gb_content_width":""},"product_brand":[],"product_cat":[138,131,152,231,241,230],"product_tag":[],"class_list":{"0":"post-18197","1":"product","2":"type-product","3":"status-publish","4":"has-post-thumbnail","6":"product_cat-clothes","7":"product_cat-collection-en","8":"product_cat-t-shirt-en","9":"product_cat-t-shirt-gris-en","10":"product_cat-t-shirt-serigraphie-en","11":"product_cat-t-shirts-i-en","13":"first","14":"outofstock","15":"shipping-taxable","16":"product-type-variable"},"supplier_id":null,"supplier_sku":"","barcode":null,"atum_controlled":true,"out_stock_date":null,"out_stock_threshold":null,"inheritable":true,"inbound_stock":0,"stock_on_hold":0,"sold_today":0,"sales_last_days":0,"reserved_stock":0,"customer_returns":0,"warehouse_damage":0,"lost_in_post":0,"other_logs":0,"out_stock_days":0,"lost_sales":0,"has_location":false,"update_date":"2026-04-25T00:30:28","atum_locations":[],"atum_stock_status":"outofstock","restock_status":false,"low_stock_amount":"","sales_update_date":"2026-04-25T00:30:28","calc_backorders":null,"acf":[],"aioseo_notices":[],"jetpack_sharing_enabled":true,"_links":{"self":[{"href":"https:\/\/mademoisellel.ch\/en\/wp-json\/wp\/v2\/product\/18197","targetHints":{"allow":["GET"]}}],"collection":[{"href":"https:\/\/mademoisellel.ch\/en\/wp-json\/wp\/v2\/product"}],"about":[{"href":"https:\/\/mademoisellel.ch\/en\/wp-json\/wp\/v2\/types\/product"}],"wp:featuredmedia":[{"embeddable":true,"href":"https:\/\/mademoisellel.ch\/en\/wp-json\/wp\/v2\/media\/17742"}],"wp:attachment":[{"href":"https:\/\/mademoisellel.ch\/en\/wp-json\/wp\/v2\/media?parent=18197"}],"wp:term":[{"taxonomy":"product_brand","embeddable":true,"href":"https:\/\/mademoisellel.ch\/en\/wp-json\/wp\/v2\/product_brand?post=18197"},{"taxonomy":"product_cat","embeddable":true,"href":"https:\/\/mademoisellel.ch\/en\/wp-json\/wp\/v2\/product_cat?post=18197"},{"taxonomy":"product_tag","embeddable":true,"href":"https:\/\/mademoisellel.ch\/en\/wp-json\/wp\/v2\/product_tag?post=18197"}],"curies":[{"name":"wp","href":"https:\/\/api.w.org\/{rel}","templated":true}]}}