{"id":15741,"date":"2020-02-19T18:21:37","date_gmt":"2020-02-21T10:54:44","guid":{"rendered":"https:\/\/mademoisellel.ch\/?post_type=product&#038;p=15741"},"modified":"2024-04-14T12:02:18","modified_gmt":"2024-04-14T10:02:18","slug":"xiii-v-i","status":"publish","type":"product","link":"https:\/\/mademoisellel.ch\/en\/produit\/xiii-v-i\/","title":{"rendered":"XIII &#8211; V I"},"content":{"rendered":"","protected":false},"excerpt":{"rendered":"<p>Veste tailleur style blouson noir paillet\u00e9. Col Tailleur. Poches appliqu\u00e9es. Ceinture et poignet. L\u00e9g\u00e8rement blousant sur le dos. 3 boutons pression sur le devant et bouton pression sur les poignets.<\/p>\n<p>Le mod\u00e8le porte une taille 36<\/p>\n<p>Couleur noir<\/p>\n<p>D\u00e9tails :<br \/>\n58%PL 33%C0 7%PM 2%AF<br \/>\nDoublure viscose<br \/>\nLavage Pressing<br \/>\nTextile : Italie<br \/>\nFabriqu\u00e9 en Bosnie et Herz\u00e9govine<br \/>\nCr\u00e9\u00e9 en Suisse par mademoiselle L<\/p>\n","protected":false},"featured_media":15658,"template":"","meta":{"_acf_changed":false,"_et_pb_use_builder":"","_et_pb_old_content":"","_et_gb_content_width":""},"product_brand":[],"product_cat":[167,138,131,203,154],"product_tag":[],"class_list":{"0":"post-15741","1":"product","2":"type-product","3":"status-publish","4":"has-post-thumbnail","6":"product_cat-a-cross-l-part-xiii-en","7":"product_cat-clothes","8":"product_cat-collection-en","9":"product_cat-holidays-season","10":"product_cat-jacket","12":"first","13":"outofstock","14":"shipping-taxable","15":"product-type-variable"},"supplier_id":null,"supplier_sku":"","barcode":null,"atum_controlled":true,"out_stock_date":null,"out_stock_threshold":null,"inheritable":false,"inbound_stock":0,"stock_on_hold":0,"sold_today":0,"sales_last_days":0,"reserved_stock":0,"customer_returns":0,"warehouse_damage":0,"lost_in_post":0,"other_logs":0,"out_stock_days":0,"lost_sales":0,"has_location":false,"update_date":"2026-04-26T00:37:21","atum_locations":[],"atum_stock_status":"outofstock","restock_status":false,"low_stock_amount":"","sales_update_date":"2026-04-26T00:37:21","calc_backorders":null,"acf":[],"aioseo_notices":[],"jetpack_sharing_enabled":true,"_links":{"self":[{"href":"https:\/\/mademoisellel.ch\/en\/wp-json\/wp\/v2\/product\/15741","targetHints":{"allow":["GET"]}}],"collection":[{"href":"https:\/\/mademoisellel.ch\/en\/wp-json\/wp\/v2\/product"}],"about":[{"href":"https:\/\/mademoisellel.ch\/en\/wp-json\/wp\/v2\/types\/product"}],"wp:featuredmedia":[{"embeddable":true,"href":"https:\/\/mademoisellel.ch\/en\/wp-json\/wp\/v2\/media\/15658"}],"wp:attachment":[{"href":"https:\/\/mademoisellel.ch\/en\/wp-json\/wp\/v2\/media?parent=15741"}],"wp:term":[{"taxonomy":"product_brand","embeddable":true,"href":"https:\/\/mademoisellel.ch\/en\/wp-json\/wp\/v2\/product_brand?post=15741"},{"taxonomy":"product_cat","embeddable":true,"href":"https:\/\/mademoisellel.ch\/en\/wp-json\/wp\/v2\/product_cat?post=15741"},{"taxonomy":"product_tag","embeddable":true,"href":"https:\/\/mademoisellel.ch\/en\/wp-json\/wp\/v2\/product_tag?post=15741"}],"curies":[{"name":"wp","href":"https:\/\/api.w.org\/{rel}","templated":true}]}}