{"id":18999,"date":"2022-06-12T15:16:43","date_gmt":"2022-06-12T13:16:43","guid":{"rendered":"https:\/\/mademoisellel.ch\/?page_id=18999"},"modified":"2025-03-05T15:09:21","modified_gmt":"2025-03-05T14:09:21","slug":"sustainability","status":"publish","type":"page","link":"https:\/\/mademoisellel.ch\/en\/sustainability\/","title":{"rendered":"Sustainability"},"content":{"rendered":"<p>[et_pb_section fb_built=&#8221;1&#8243; admin_label=&#8221;section&#8221; _builder_version=&#8221;4.16&#8243; custom_margin=&#8221;0px|0px|0px|0px|false|false&#8221; custom_padding=&#8221;0px|0px|0px|0px|false|false&#8221; global_colors_info=&#8221;{}&#8221;][et_pb_row column_structure=&#8221;1_4,1_2,1_4&#8243; use_custom_gutter=&#8221;on&#8221; gutter_width=&#8221;1&#8243; _builder_version=&#8221;4.16&#8243; _module_preset=&#8221;default&#8221; width=&#8221;100%&#8221; max_width=&#8221;100%&#8221; hover_enabled=&#8221;0&#8243; global_colors_info=&#8221;{}&#8221; sticky_enabled=&#8221;0&#8243; locked=&#8221;off&#8221;][et_pb_column type=&#8221;1_4&#8243; _builder_version=&#8221;4.16&#8243; _module_preset=&#8221;default&#8221; global_colors_info=&#8221;{}&#8221;][\/et_pb_column][et_pb_column type=&#8221;1_2&#8243; _builder_version=&#8221;4.16&#8243; _module_preset=&#8221;default&#8221; global_colors_info=&#8221;{}&#8221;][et_pb_image src=&#8221;https:\/\/mademoisellel.ch\/wp-content\/uploads\/2018\/10\/mademoisellel-logo-325px-large.png&#8221; alt=&#8221;mademoiselle L&#8221; title_text=&#8221;mademoiselle L&#8221; align=&#8221;center&#8221; _builder_version=&#8221;4.16&#8243; _module_preset=&#8221;default&#8221; custom_margin=&#8221;||40px||false|false&#8221; global_colors_info=&#8221;{}&#8221;][\/et_pb_image][et_pb_text module_class=&#8221;about-texte&#8221; _builder_version=&#8221;4.27.4&#8243; _module_preset=&#8221;default&#8221; text_font=&#8221;|||on|||||&#8221; text_orientation=&#8221;justified&#8221; hover_enabled=&#8221;0&#8243; global_colors_info=&#8221;{}&#8221; sticky_enabled=&#8221;0&#8243;]<\/p>\n<h2>Sustainability &#038; Responsible Commitment<\/h2>\n<p>\nAt Mademoiselle L, sustainability and ethics guide everything we do. Our commitments reflect our dedication to offering clean, fair, and environmentally conscious fashion, all while upholding values of quality and transparency.\n<\/p>\n<h2>Small-Batch Production<\/h2>\n<p>\nTo combat overconsumption, we focus on the essentials by producing limited collections built to last. Our zero-waste policy ensures that no garment is ever discarded.\n<\/p>\n<h2>Quality, Sustainable Materials<\/h2>\n<p>\nWe maximize the use of our existing stock and offcuts, carefully selecting fabrics that are organic, GOTS-certified, recycled, or derived from deadstocks as needed.\n<\/p>\n<h2>Ethical, Local Production<\/h2>\n<p>\nEnsuring fair and high-quality working conditions for our partners is essential. To reduce our carbon footprint, we favor local or European production.\n<\/p>\n<h2>Eco-Friendly Packaging<\/h2>\n<p>Our packaging solutions\u2014whether compostable, FSC-certified, recycled, or recyclable\u2014are designed to minimize environmental impact.\n<\/p>\n<p>\n\u2716\ufe0f Less is more, for a better future. \u2716\ufe0f\n<\/p>\n<p>[\/et_pb_text][\/et_pb_column][et_pb_column type=&#8221;1_4&#8243; _builder_version=&#8221;4.16&#8243; _module_preset=&#8221;default&#8221; global_colors_info=&#8221;{}&#8221;][\/et_pb_column][\/et_pb_row][et_pb_row column_structure=&#8221;1_4,1_2,1_4&#8243; use_custom_gutter=&#8221;on&#8221; gutter_width=&#8221;1&#8243; _builder_version=&#8221;4.16&#8243; _module_preset=&#8221;default&#8221; width=&#8221;100%&#8221; max_width=&#8221;100%&#8221; locked=&#8221;off&#8221; global_colors_info=&#8221;{}&#8221; disabled_on=&#8221;on|on|on&#8221; disabled=&#8221;on&#8221;][et_pb_column type=&#8221;1_4&#8243; _builder_version=&#8221;4.16&#8243; _module_preset=&#8221;default&#8221; global_colors_info=&#8221;{}&#8221;][\/et_pb_column][et_pb_column type=&#8221;1_2&#8243; _builder_version=&#8221;4.16&#8243; _module_preset=&#8221;default&#8221; global_colors_info=&#8221;{}&#8221;][et_pb_image src=&#8221;https:\/\/mademoisellel.ch\/wp-content\/uploads\/2018\/10\/mademoisellel-logo-325px-large.png&#8221; alt=&#8221;mademoiselle L&#8221; title_text=&#8221;mademoiselle L&#8221; align=&#8221;center&#8221; _builder_version=&#8221;4.17.4&#8243; _module_preset=&#8221;default&#8221; custom_margin=&#8221;||10px||false|false&#8221; global_colors_info=&#8221;{}&#8221;][\/et_pb_image][et_pb_text module_class=&#8221;about-texte&#8221; _builder_version=&#8221;4.17.4&#8243; _module_preset=&#8221;default&#8221; text_orientation=&#8221;center&#8221; hover_enabled=&#8221;0&#8243; global_colors_info=&#8221;{}&#8221; sticky_enabled=&#8221;0&#8243;]<\/p>\n<h1 class=\"sustainability-h1\">Sustainability<\/h1>\n<p>[\/et_pb_text][\/et_pb_column][et_pb_column type=&#8221;1_4&#8243; _builder_version=&#8221;4.16&#8243; _module_preset=&#8221;default&#8221; global_colors_info=&#8221;{}&#8221;][\/et_pb_column][\/et_pb_row][et_pb_row column_structure=&#8221;2_3,1_3&#8243; use_custom_gutter=&#8221;on&#8221; gutter_width=&#8221;1&#8243; _builder_version=&#8221;4.17.4&#8243; _module_preset=&#8221;default&#8221; width=&#8221;96%&#8221; max_width=&#8221;96%&#8221; custom_margin=&#8221;||30px||false|false&#8221; global_colors_info=&#8221;{}&#8221; disabled_on=&#8221;on|on|on&#8221; disabled=&#8221;on&#8221;][et_pb_column type=&#8221;2_3&#8243; _builder_version=&#8221;4.16&#8243; _module_preset=&#8221;default&#8221; global_colors_info=&#8221;{}&#8221;][et_pb_text _builder_version=&#8221;4.17.4&#8243; _module_preset=&#8221;default&#8221; global_colors_info=&#8221;{}&#8221;]<\/p>\n<p class=\"sustainability-citation\">\n&#8220;Si tu veux vivre un avenir meilleur, apprends \u00e0 examiner ton pass\u00e9 et \u00e0 enseigner ton futur.&#8221;<br \/>\n&#8211; Landry Makana\n<\/p>\n<p class=\"sustainability-p\">\nmademoiselle L est une marque militante qui se bat chaque jour pour une mode propre et juste.<br \/>\nVoici ses engagements.\n<\/p>\n<hr class=\"sustainability-hr\">[\/et_pb_text][\/et_pb_column][et_pb_column type=&#8221;1_3&#8243; _builder_version=&#8221;4.16&#8243; _module_preset=&#8221;default&#8221; global_colors_info=&#8221;{}&#8221;][et_pb_image src=&#8221;https:\/\/mademoisellel.ch\/wp-content\/uploads\/2022\/06\/photo1.jpg&#8221; alt=&#8221;mademoiselle L sustainability&#8221; title_text=&#8221;mademoiselle L sustainability&#8221; align=&#8221;center&#8221; _builder_version=&#8221;4.17.4&#8243; _module_preset=&#8221;default&#8221; height=&#8221;400px&#8221; max_height=&#8221;400px&#8221; custom_margin=&#8221;0px|0px|0px|0px|false|false&#8221; custom_padding=&#8221;0px|0px|0px|0px|false|false&#8221; global_colors_info=&#8221;{}&#8221;][\/et_pb_image][\/et_pb_column][\/et_pb_row][et_pb_row column_structure=&#8221;2_5,3_5&#8243; use_custom_gutter=&#8221;on&#8221; gutter_width=&#8221;1&#8243; make_equal=&#8221;on&#8221; admin_label=&#8221;Ligne test&#8221; _builder_version=&#8221;4.17.4&#8243; _module_preset=&#8221;default&#8221; width=&#8221;96%&#8221; max_width=&#8221;96%&#8221; module_alignment=&#8221;center&#8221; custom_margin=&#8221;||30px||false|false&#8221; global_colors_info=&#8221;{}&#8221; disabled_on=&#8221;on|on|on&#8221; disabled=&#8221;on&#8221;][et_pb_column type=&#8221;2_5&#8243; _builder_version=&#8221;4.16&#8243; _module_preset=&#8221;default&#8221; global_colors_info=&#8221;{}&#8221;][et_pb_image src=&#8221;https:\/\/mademoisellel.ch\/wp-content\/uploads\/2022\/06\/photo2.jpg&#8221; alt=&#8221;mademoiselle L sustainability&#8221; title_text=&#8221;mademoiselle L sustainability&#8221; align=&#8221;center&#8221; _builder_version=&#8221;4.17.4&#8243; _module_preset=&#8221;default&#8221; min_height=&#8221;400px&#8221; height=&#8221;400px&#8221; max_height=&#8221;400px&#8221; custom_margin=&#8221;0px|0px|0px|0px|false|false&#8221; custom_padding=&#8221;0px|0px|0px|0px|false|false&#8221; global_colors_info=&#8221;{}&#8221;][\/et_pb_image][\/et_pb_column][et_pb_column type=&#8221;3_5&#8243; _builder_version=&#8221;4.16&#8243; _module_preset=&#8221;default&#8221; global_colors_info=&#8221;{}&#8221;][et_pb_text module_class=&#8221;about-texte&#8221; _builder_version=&#8221;4.17.4&#8243; _module_preset=&#8221;default&#8221; text_orientation=&#8221;justified&#8221; custom_margin=&#8221;auto||auto||false|false&#8221; global_colors_info=&#8221;{}&#8221;]<\/p>\n<h2 class=\"sustainability-h2\">Production de petites s\u00e9ries<\/h2>\n<p class=\"sustainability-p\">\nAfin d&#8217;\u00e9viter la surconsommation, mademoiselle L va a l&#8217;essentiel et r\u00e9alise de petites s\u00e9ries sans jamais jeter de v\u00eatements. La marque fonctionne sous une politique z\u00e9ro g\u00e2chis.\n<\/p>\n<hr class=\"sustainability-hr\">[\/et_pb_text][\/et_pb_column][\/et_pb_row][et_pb_row column_structure=&#8221;3_5,2_5&#8243; use_custom_gutter=&#8221;on&#8221; gutter_width=&#8221;1&#8243; _builder_version=&#8221;4.17.4&#8243; _module_preset=&#8221;default&#8221; width=&#8221;96%&#8221; max_width=&#8221;96%&#8221; custom_margin=&#8221;||30px||false|false&#8221; hover_enabled=&#8221;0&#8243; global_colors_info=&#8221;{}&#8221; disabled_on=&#8221;on|on|on&#8221; disabled=&#8221;on&#8221; sticky_enabled=&#8221;0&#8243;][et_pb_column type=&#8221;3_5&#8243; _builder_version=&#8221;4.16&#8243; _module_preset=&#8221;default&#8221; global_colors_info=&#8221;{}&#8221;][et_pb_text module_class=&#8221;about-texte&#8221; _builder_version=&#8221;4.17.4&#8243; _module_preset=&#8221;default&#8221; text_orientation=&#8221;justified&#8221; global_colors_info=&#8221;{}&#8221;]<\/p>\n<h2 class=\"sustainability-h2\">De bons mat\u00e9riaux<\/h2>\n<p class=\"sustainability-p\">\nmademoiselle L r\u00e9utilise au maximum son stock et ses chutes d&#8217;anciennes collections.<br \/>\nCependant, si besoin, mademoiselle L commande du tissus uniquement certifi\u00e9 bio, GOTS, recycl\u00e9 ou issu de Deadstocks.\n<\/p>\n<hr class=\"sustainability-hr\">[\/et_pb_text][\/et_pb_column][et_pb_column type=&#8221;2_5&#8243; _builder_version=&#8221;4.16&#8243; _module_preset=&#8221;default&#8221; global_colors_info=&#8221;{}&#8221;][et_pb_image src=&#8221;https:\/\/mademoisellel.ch\/wp-content\/uploads\/2022\/06\/photo3.jpg&#8221; alt=&#8221;mademoiselle L sustainability&#8221; title_text=&#8221;mademoiselle L sustainability&#8221; align=&#8221;center&#8221; _builder_version=&#8221;4.17.4&#8243; _module_preset=&#8221;default&#8221; height=&#8221;400px&#8221; max_height=&#8221;400px&#8221; custom_margin=&#8221;0px|0px|0px|0px|false|false&#8221; custom_padding=&#8221;0px|0px|0px|0px|false|false&#8221; global_colors_info=&#8221;{}&#8221;][\/et_pb_image][\/et_pb_column][\/et_pb_row][et_pb_row column_structure=&#8221;2_5,3_5&#8243; use_custom_gutter=&#8221;on&#8221; gutter_width=&#8221;1&#8243; _builder_version=&#8221;4.17.4&#8243; _module_preset=&#8221;default&#8221; width=&#8221;96%&#8221; max_width=&#8221;96%&#8221; custom_margin=&#8221;||30px||false|false&#8221; global_colors_info=&#8221;{}&#8221; disabled_on=&#8221;on|on|on&#8221; disabled=&#8221;on&#8221;][et_pb_column type=&#8221;2_5&#8243; _builder_version=&#8221;4.16&#8243; _module_preset=&#8221;default&#8221; global_colors_info=&#8221;{}&#8221;][et_pb_image src=&#8221;https:\/\/mademoisellel.ch\/wp-content\/uploads\/2022\/06\/photo4.jpg&#8221; alt=&#8221;mademoiselle L sustainability&#8221; title_text=&#8221;mademoiselle L sustainability&#8221; align=&#8221;center&#8221; _builder_version=&#8221;4.17.4&#8243; _module_preset=&#8221;default&#8221; height=&#8221;400px&#8221; max_height=&#8221;400px&#8221; custom_margin=&#8221;0px|0px|0px|0px|false|false&#8221; custom_padding=&#8221;0px|0px|0px|0px|false|false&#8221; global_colors_info=&#8221;{}&#8221;][\/et_pb_image][\/et_pb_column][et_pb_column type=&#8221;3_5&#8243; _builder_version=&#8221;4.16&#8243; _module_preset=&#8221;default&#8221; global_colors_info=&#8221;{}&#8221;][et_pb_text module_class=&#8221;about-texte&#8221; _builder_version=&#8221;4.17.4&#8243; _module_preset=&#8221;default&#8221; text_orientation=&#8221;justified&#8221; global_colors_info=&#8221;{}&#8221;]<\/p>\n<h2 class=\"sustainability-h2\">Une production saine<\/h2>\n<p class=\"sustainability-p\">\nmademoiselle L est une marque \u00e9thique qui s&#8217;assure de la qualit\u00e9 des conditions de travail de ses partenairs.<br \/>\nAfin de minimiser son empreinte carbone, mademoiselle L opte pour une production locale ou europ\u00e9enne.\n<\/p>\n<hr class=\"sustainability-hr\">[\/et_pb_text][\/et_pb_column][\/et_pb_row][et_pb_row column_structure=&#8221;3_5,2_5&#8243; use_custom_gutter=&#8221;on&#8221; gutter_width=&#8221;1&#8243; _builder_version=&#8221;4.17.4&#8243; _module_preset=&#8221;default&#8221; width=&#8221;96%&#8221; max_width=&#8221;96%&#8221; global_colors_info=&#8221;{}&#8221; disabled_on=&#8221;on|on|on&#8221; disabled=&#8221;on&#8221;][et_pb_column type=&#8221;3_5&#8243; _builder_version=&#8221;4.16&#8243; _module_preset=&#8221;default&#8221; global_colors_info=&#8221;{}&#8221;][et_pb_text module_class=&#8221;about-texte&#8221; _builder_version=&#8221;4.17.4&#8243; _module_preset=&#8221;default&#8221; text_orientation=&#8221;justified&#8221; global_colors_info=&#8221;{}&#8221;]<\/p>\n<h2 class=\"sustainability-h2\">Un packaging respectueux<\/h2>\n<p class=\"sustainability-p\">\nmademoiselle L fait partie de la <a href=\"https:\/\/noissue.co\/community\/eco-alliance\/\" target=\"_blank\" rel=\"noopener\">communaut\u00e9 Eco-Alliance cr\u00e9\u00e9e par NoIssue<\/a>, en entreprise de packagings \u00e9co-responsables. Chaque commande leur permet de planter des arbres dans les espaces ayant besoin d&#8217;\u00eatre rebois\u00e9s.<br \/>\nLes packagings mademoiselle L sont 100% compostables et certifi\u00e9s FSC.\n<\/p>\n<hr class=\"sustainability-hr\">[\/et_pb_text][\/et_pb_column][et_pb_column type=&#8221;2_5&#8243; _builder_version=&#8221;4.16&#8243; _module_preset=&#8221;default&#8221; global_colors_info=&#8221;{}&#8221;][et_pb_image src=&#8221;https:\/\/mademoisellel.ch\/wp-content\/uploads\/2022\/06\/photo5-1.jpg&#8221; alt=&#8221;mademoiselle L sustainability&#8221; title_text=&#8221;mademoiselle L sustainability&#8221; align=&#8221;center&#8221; module_class=&#8221;sustainability-image-eco-packaging-aliance-logo&#8221; _builder_version=&#8221;4.17.4&#8243; _module_preset=&#8221;default&#8221; height=&#8221;400px&#8221; max_height=&#8221;400px&#8221; custom_margin=&#8221;0px|0px|0px|0px|false|false&#8221; custom_padding=&#8221;0px|0px|0px|0px|false|false&#8221; global_colors_info=&#8221;{}&#8221;][\/et_pb_image][\/et_pb_column][\/et_pb_row][\/et_pb_section]<\/p>\n","protected":false},"excerpt":{"rendered":"<p>Sustainability &#038; Responsible Commitment At Mademoiselle L, sustainability and ethics guide everything we do. Our commitments reflect our dedication to offering clean, fair, and environmentally conscious fashion, all while upholding values of quality and transparency. Small-Batch Production To combat overconsumption, we focus on the essentials by producing limited collections built to last. Our zero-waste policy [&hellip;]<\/p>\n","protected":false},"author":1,"featured_media":0,"parent":0,"menu_order":0,"comment_status":"closed","ping_status":"closed","template":"","meta":{"_acf_changed":false,"_et_pb_use_builder":"on","_et_pb_old_content":"","_et_gb_content_width":"","footnotes":""},"class_list":["post-18999","page","type-page","status-publish","hentry"],"acf":[],"aioseo_notices":[],"jetpack_shortlink":"https:\/\/wp.me\/PaoGO5-4Wr","jetpack_sharing_enabled":true,"_links":{"self":[{"href":"https:\/\/mademoisellel.ch\/en\/wp-json\/wp\/v2\/pages\/18999","targetHints":{"allow":["GET"]}}],"collection":[{"href":"https:\/\/mademoisellel.ch\/en\/wp-json\/wp\/v2\/pages"}],"about":[{"href":"https:\/\/mademoisellel.ch\/en\/wp-json\/wp\/v2\/types\/page"}],"author":[{"embeddable":true,"href":"https:\/\/mademoisellel.ch\/en\/wp-json\/wp\/v2\/users\/1"}],"replies":[{"embeddable":true,"href":"https:\/\/mademoisellel.ch\/en\/wp-json\/wp\/v2\/comments?post=18999"}],"version-history":[{"count":6,"href":"https:\/\/mademoisellel.ch\/en\/wp-json\/wp\/v2\/pages\/18999\/revisions"}],"predecessor-version":[{"id":20053,"href":"https:\/\/mademoisellel.ch\/en\/wp-json\/wp\/v2\/pages\/18999\/revisions\/20053"}],"wp:attachment":[{"href":"https:\/\/mademoisellel.ch\/en\/wp-json\/wp\/v2\/media?parent=18999"}],"curies":[{"name":"wp","href":"https:\/\/api.w.org\/{rel}","templated":true}]}}